{"id":4181,"date":"2023-05-22T12:56:01","date_gmt":"2023-05-22T10:56:01","guid":{"rendered":"https:\/\/zero-max.de\/?page_id=4181"},"modified":"2026-01-16T11:56:20","modified_gmt":"2026-01-16T09:56:20","slug":"contact","status":"publish","type":"page","link":"https:\/\/zero-max.de\/en\/contact\/","title":{"rendered":"Contact"},"content":{"rendered":"\t\t<div data-elementor-type=\"wp-page\" data-elementor-id=\"4181\" class=\"elementor elementor-4181 elementor-1865\">\n\t\t\t\t\t\t<section class=\"elementor-section elementor-top-section elementor-element elementor-element-bde06d5 elementor-section-boxed elementor-section-height-default elementor-section-height-default\" data-id=\"bde06d5\" data-element_type=\"section\" data-e-type=\"section\" data-settings=\"{&quot;background_background&quot;:&quot;classic&quot;}\">\n\t\t\t\t\t\t<div class=\"elementor-container elementor-column-gap-default\">\n\t\t\t\t\t<div class=\"elementor-column elementor-col-50 elementor-top-column elementor-element elementor-element-fa94ede\" data-id=\"fa94ede\" data-element_type=\"column\" data-e-type=\"column\">\n\t\t\t<div class=\"elementor-widget-wrap elementor-element-populated\">\n\t\t\t\t\t\t<div class=\"elementor-element elementor-element-8af616b elementor-widget elementor-widget-pix-animated-heading\" data-id=\"8af616b\" data-element_type=\"widget\" data-e-type=\"widget\" data-widget_type=\"pix-animated-heading.default\">\n\t\t\t\t<div class=\"elementor-widget-container\">\n\t\t\t\t\t<div class=\"text-left \"><div><h3 class=\"pix-headline my-3  slide-inverse text-heading-default   \" style=\"\"><span>Contact us <\/span><span class=\"pix-words-wrapper is-last\"><\/span><\/h3><\/div><\/div>\t\t\t\t<\/div>\n\t\t\t\t<\/div>\n\t\t\t\t<div class=\"elementor-element elementor-element-83343ea elementor-widget elementor-widget-pix-text\" data-id=\"83343ea\" data-element_type=\"widget\" data-e-type=\"widget\" data-widget_type=\"pix-text.default\">\n\t\t\t\t<div class=\"elementor-widget-container\">\n\t\t\t\t\t<div class=\"pix-el-text w-100 text-left \" ><p class=\" resp-option  text-left \" >We will be happy to advise you personally and look forward to hearing from you!<br><br>\n\n<strong>Our opening hours:<\/strong><br>\nMonday \u2013 Friday<br>\n8:00\u201317:00<br>\n<br>\nBauhofstra\u00dfe 12<br>\n63762 Gro\u00dfostheim<br>\n<a href=\"tel:+49%206026%20999%206111\">Phone: +49 6026 999 6111<\/a><br>\n<a href=\"mailto:info@zero-max.de\">Email: info@zero-max.de<\/a><\/p><\/div>\t\t\t\t<\/div>\n\t\t\t\t<\/div>\n\t\t\t\t\t<\/div>\n\t\t<\/div>\n\t\t\t\t<div class=\"elementor-column elementor-col-50 elementor-top-column elementor-element elementor-element-a558e82\" data-id=\"a558e82\" data-element_type=\"column\" data-e-type=\"column\">\n\t\t\t<div class=\"elementor-widget-wrap elementor-element-populated\">\n\t\t\t\t\t\t<div class=\"elementor-element elementor-element-d2c52d0 elementor-widget elementor-widget-shortcode\" data-id=\"d2c52d0\" data-element_type=\"widget\" data-e-type=\"widget\" data-widget_type=\"shortcode.default\">\n\t\t\t\t<div class=\"elementor-widget-container\">\n\t\t\t\t\t\t\t<div class=\"elementor-shortcode\">\n<div class=\"wpcf7 no-js\" id=\"wpcf7-f8-o1\" lang=\"de-DE\" dir=\"ltr\" data-wpcf7-id=\"8\">\n<div class=\"screen-reader-response\"><p role=\"status\" aria-live=\"polite\" aria-atomic=\"true\"><\/p> <ul><\/ul><\/div>\n<form action=\"\/en\/wp-json\/wp\/v2\/pages\/4181#wpcf7-f8-o1\" method=\"post\" class=\"wpcf7-form init\" aria-label=\"Kontaktformular\" novalidate=\"novalidate\" data-status=\"init\">\n<fieldset class=\"hidden-fields-container\"><input type=\"hidden\" name=\"_wpcf7\" value=\"8\" \/><input type=\"hidden\" name=\"_wpcf7_version\" value=\"6.1.5\" \/><input type=\"hidden\" name=\"_wpcf7_locale\" value=\"de_DE\" \/><input type=\"hidden\" name=\"_wpcf7_unit_tag\" value=\"wpcf7-f8-o1\" \/><input type=\"hidden\" name=\"_wpcf7_container_post\" value=\"0\" \/><input type=\"hidden\" name=\"_wpcf7_posted_data_hash\" value=\"\" \/><input type=\"hidden\" name=\"_wpcf7_recaptcha_response\" value=\"\" \/>\n<\/fieldset>\n<div class=\"pix-contact7-form\"><div class=\"row\">\n\t<div class=\"col-md-6\">\n\t\t<p><label class=\"w-100\">First name<br \/>\n<span class=\"wpcf7-form-control-wrap\" data-name=\"vorname\"><input size=\"40\" maxlength=\"400\" class=\"wpcf7-form-control wpcf7-text pix-my-5 form-control bg-gray-1 shadow-0\" aria-invalid=\"false\" placeholder=\"First name\" value=\"\" type=\"text\" name=\"vorname\" \/><\/span><\/label>\n\t\t<\/p>\n\t<\/div>\n\t<div class=\"col-md-6\">\n\t\t<p><label class=\"w-100\">Last name<br \/>\n<span class=\"wpcf7-form-control-wrap\" data-name=\"nachname\"><input size=\"40\" maxlength=\"400\" class=\"wpcf7-form-control wpcf7-text pix-my-5 form-control bg-gray-1 shadow-0\" aria-invalid=\"false\" placeholder=\"Last name\" value=\"\" type=\"text\" name=\"nachname\" \/><\/span><\/label>\n\t\t<\/p>\n\t<\/div>\n\t<div class=\"col-md-6\">\n\t\t<p><label class=\"w-100\">E-mail address*<br \/>\n<span class=\"wpcf7-form-control-wrap\" data-name=\"email\"><input size=\"40\" maxlength=\"400\" class=\"wpcf7-form-control wpcf7-email wpcf7-validates-as-required wpcf7-text wpcf7-validates-as-email pix-my-5 form-control bg-gray-1 shadow-0\" aria-required=\"true\" aria-invalid=\"false\" placeholder=\"example@mail.com\" value=\"\" type=\"email\" name=\"email\" \/><\/span><\/label>\n\t\t<\/p>\n\t<\/div>\n\t<div class=\"col-md-6\">\n\t\t<p><label class=\"w-100\">Telephone number<br \/>\n<span class=\"wpcf7-form-control-wrap\" data-name=\"tel-996\"><input size=\"40\" maxlength=\"400\" class=\"wpcf7-form-control wpcf7-tel wpcf7-text wpcf7-validates-as-tel pix-mt-5 form-control bg-gray-1 shadow-0\" aria-invalid=\"false\" placeholder=\"e. g. 079 123 45 67\" value=\"\" type=\"tel\" name=\"tel-996\" \/><\/span> <\/label>\n\t\t<\/p>\n\t<\/div>\n\t<div class=\"col-md-12\">\n\t\t<p><label class=\"w-100\">Your Message<span class=\"wpcf7-form-control-wrap\" data-name=\"your-message\"><textarea cols=\"40\" rows=\"4\" maxlength=\"2000\" class=\"wpcf7-form-control wpcf7-textarea pix-my-5 form-control bg-gray-1 shadow-0\" aria-invalid=\"false\" placeholder=\"Enter message here ...\" name=\"your-message\"><\/textarea><\/span> <\/label>\n\t\t<\/p>\n\t<\/div>\n<\/div>\n<div class=\"col-md-12\">\n\t<p>* Mandatory fields<br \/>\nBy submitting the contact form you agree that your data will be used to process your request. You can find more information in our <u><a href=\"\/datenschutz\">privacy policy<\/a><\/u>.\n\t<\/p>\n<\/div>\n<p><input class=\"wpcf7-form-control wpcf7-submit has-spinner btn btn-primary text-white w-100 pix-mt-10 font-weight-bold btn-lg secondary-font\" type=\"submit\" value=\"Send\" \/>\n<\/p><\/div><div class=\"wpcf7-response-output\" aria-hidden=\"true\"><\/div>\n<\/form>\n<\/div>\n<\/div>\n\t\t\t\t\t\t<\/div>\n\t\t\t\t<\/div>\n\t\t\t\t\t<\/div>\n\t\t<\/div>\n\t\t\t\t\t<\/div>\n\t\t<\/section>\n\t\t\t\t<section class=\"elementor-section elementor-top-section elementor-element elementor-element-6325fee7 elementor-section-full_width elementor-section-height-default elementor-section-height-default\" data-id=\"6325fee7\" data-element_type=\"section\" data-e-type=\"section\">\n\t\t\t\t\t\t<div class=\"elementor-container elementor-column-gap-no\">\n\t\t\t\t\t<div class=\"elementor-column elementor-col-100 elementor-top-column elementor-element elementor-element-37fd2311\" data-id=\"37fd2311\" data-element_type=\"column\" data-e-type=\"column\">\n\t\t\t<div class=\"elementor-widget-wrap elementor-element-populated\">\n\t\t\t\t\t\t<div class=\"elementor-element elementor-element-29c83ee6 elementor-widget elementor-widget-pix-map\" data-id=\"29c83ee6\" data-element_type=\"widget\" data-e-type=\"widget\" data-widget_type=\"pix-map.default\">\n\t\t\t\t<div class=\"elementor-widget-container\">\n\t\t\t\t\t<div class=\"overflow-hidden pix-map-out mb-2 mb-sm-0  map-md  \" ><section class=\"pix-google-map w-100\" data-style=\"silver\" data-color=\"\" data-saturation=\"-20\" data-brightness=\"5\" data-latitude=\"49.930301\" data-longitude=\"9.069636\" data-map-zoom=\"14\" data-marker=\"https:\/\/zero-max.de\/wp-content\/plugins\/pixfort-core\/functions\/images\/map\/pix-icon-location.svg\"><div class=\"google-container\"><\/div><div class=\"pix-zoom-in bg-white shadow rounded text-dark-opacity-8 text-18 d-flex align-items-center justify-content-center\"><svg class=\"pixfort-icon \" width=\"24\" height=\"24\"  data-name=\"Line\/pixfort-icon-plus-circle-1\" viewBox=\"2 2 20 20\"><path fill=\"none\" stroke=\"var(--pf-icon-color)\" stroke-linecap=\"round\" stroke-linejoin=\"round\" stroke-width=\"var(--pf-icon-stroke-width)\" d=\"M12,21 C16.9705627,21 21,16.9705627 21,12 C21,7.02943725 16.9705627,3 12,3 C7.02943725,3 3,7.02943725 3,12 C3,16.9705627 7.02943725,21 12,21 Z M12,8 L12,16 M8,12 L16,12\"\/><\/svg><\/div><div class=\"pix-zoom-out bg-white mt-1 shadow rounded text-dark-opacity-8 text-18 d-flex align-items-center justify-content-center\"><svg class=\"pixfort-icon \" width=\"24\" height=\"24\"  data-name=\"Line\/pixfort-icon-minus-circle-1\" viewBox=\"2 2 20 20\"><path fill=\"none\" stroke=\"var(--pf-icon-color)\" stroke-linecap=\"round\" stroke-linejoin=\"round\" stroke-width=\"var(--pf-icon-stroke-width)\" d=\"M12,21 C16.9705627,21 21,16.9705627 21,12 C21,7.02943725 16.9705627,3 12,3 C7.02943725,3 3,7.02943725 3,12 C3,16.9705627 7.02943725,21 12,21 Z M8,12 L16,12\"\/><\/svg><\/div><address class=\"bg-white rounded-lg text-body-default font-weight-bold shadow-inverse\">Bauhofstra\u00dfe 12, 63762 Gro\u00dfostheim<\/address><\/section><\/div>\t\t\t\t<\/div>\n\t\t\t\t<\/div>\n\t\t\t\t\t<\/div>\n\t\t<\/div>\n\t\t\t\t\t<\/div>\n\t\t<\/section>\n\t\t\t\t<\/div>\n\t\t","protected":false},"excerpt":{"rendered":"<p>Contact us We will be happy to advise you personally and look forward to hearing from you! Our opening hours: Monday \u2013 Friday 8:00\u201317:00 Bauhofstra\u00dfe 12 63762 Gro\u00dfostheim Phone: +49 6026 999 6111 Email: info@zero-max.de Bauhofstra\u00dfe 12, 63762 Gro\u00dfostheim<\/p>\n","protected":false},"author":2,"featured_media":0,"parent":0,"menu_order":0,"comment_status":"closed","ping_status":"closed","template":"","meta":{"inline_featured_image":false,"footnotes":""},"class_list":["post-4181","page","type-page","status-publish","hentry"],"yoast_head":"<!-- This site is optimized with the Yoast SEO plugin v26.9 - https:\/\/yoast.com\/product\/yoast-seo-wordpress\/ -->\n<title>Contact - Zero-Max<\/title>\n<meta name=\"description\" content=\"On our contact page you can get in touch with Zero-Max. We are looking forward to your message!\" \/>\n<meta name=\"robots\" content=\"index, follow, max-snippet:-1, max-image-preview:large, max-video-preview:-1\" \/>\n<link rel=\"canonical\" href=\"https:\/\/zero-max.de\/en\/contact\/\" \/>\n<meta property=\"og:locale\" content=\"en_US\" \/>\n<meta property=\"og:type\" content=\"article\" \/>\n<meta property=\"og:title\" content=\"Contact - Zero-Max\" \/>\n<meta property=\"og:description\" content=\"On our contact page you can get in touch with Zero-Max. We are looking forward to your message!\" \/>\n<meta property=\"og:url\" content=\"https:\/\/zero-max.de\/en\/contact\/\" \/>\n<meta property=\"og:site_name\" content=\"Zero-Max\" \/>\n<meta property=\"article:modified_time\" content=\"2026-01-16T09:56:20+00:00\" \/>\n<meta name=\"twitter:card\" content=\"summary_large_image\" \/>\n<meta name=\"twitter:label1\" content=\"Est. reading time\" \/>\n\t<meta name=\"twitter:data1\" content=\"16 minutes\" \/>\n<script type=\"application\/ld+json\" class=\"yoast-schema-graph\">{\"@context\":\"https:\/\/schema.org\",\"@graph\":[{\"@type\":\"WebPage\",\"@id\":\"https:\/\/zero-max.de\/en\/contact\/\",\"url\":\"https:\/\/zero-max.de\/en\/contact\/\",\"name\":\"Contact - Zero-Max\",\"isPartOf\":{\"@id\":\"https:\/\/zero-max.de\/en\/#website\"},\"datePublished\":\"2023-05-22T10:56:01+00:00\",\"dateModified\":\"2026-01-16T09:56:20+00:00\",\"description\":\"On our contact page you can get in touch with Zero-Max. We are looking forward to your message!\",\"breadcrumb\":{\"@id\":\"https:\/\/zero-max.de\/en\/contact\/#breadcrumb\"},\"inLanguage\":\"en-US\",\"potentialAction\":[{\"@type\":\"ReadAction\",\"target\":[\"https:\/\/zero-max.de\/en\/contact\/\"]}]},{\"@type\":\"BreadcrumbList\",\"@id\":\"https:\/\/zero-max.de\/en\/contact\/#breadcrumb\",\"itemListElement\":[{\"@type\":\"ListItem\",\"position\":1,\"name\":\"Startseite\",\"item\":\"https:\/\/zero-max.de\/en\/\"},{\"@type\":\"ListItem\",\"position\":2,\"name\":\"Contact\"}]},{\"@type\":\"WebSite\",\"@id\":\"https:\/\/zero-max.de\/en\/#website\",\"url\":\"https:\/\/zero-max.de\/en\/\",\"name\":\"Zero-Max\",\"description\":\"Power Transmission Products, Motion and Control\",\"publisher\":{\"@id\":\"https:\/\/zero-max.de\/en\/#organization\"},\"potentialAction\":[{\"@type\":\"SearchAction\",\"target\":{\"@type\":\"EntryPoint\",\"urlTemplate\":\"https:\/\/zero-max.de\/en\/?s={search_term_string}\"},\"query-input\":{\"@type\":\"PropertyValueSpecification\",\"valueRequired\":true,\"valueName\":\"search_term_string\"}}],\"inLanguage\":\"en-US\"},{\"@type\":\"Organization\",\"@id\":\"https:\/\/zero-max.de\/en\/#organization\",\"name\":\"Zero-Max\",\"url\":\"https:\/\/zero-max.de\/en\/\",\"logo\":{\"@type\":\"ImageObject\",\"inLanguage\":\"en-US\",\"@id\":\"https:\/\/zero-max.de\/en\/#\/schema\/logo\/image\/\",\"url\":\"https:\/\/zero-max.de\/wp-content\/uploads\/2022\/03\/Zero-Max_Logo.svg\",\"contentUrl\":\"https:\/\/zero-max.de\/wp-content\/uploads\/2022\/03\/Zero-Max_Logo.svg\",\"width\":542,\"height\":72,\"caption\":\"Zero-Max\"},\"image\":{\"@id\":\"https:\/\/zero-max.de\/en\/#\/schema\/logo\/image\/\"}}]}<\/script>\n<!-- \/ Yoast SEO plugin. -->","yoast_head_json":{"title":"Contact - Zero-Max","description":"On our contact page you can get in touch with Zero-Max. We are looking forward to your message!","robots":{"index":"index","follow":"follow","max-snippet":"max-snippet:-1","max-image-preview":"max-image-preview:large","max-video-preview":"max-video-preview:-1"},"canonical":"https:\/\/zero-max.de\/en\/contact\/","og_locale":"en_US","og_type":"article","og_title":"Contact - Zero-Max","og_description":"On our contact page you can get in touch with Zero-Max. We are looking forward to your message!","og_url":"https:\/\/zero-max.de\/en\/contact\/","og_site_name":"Zero-Max","article_modified_time":"2026-01-16T09:56:20+00:00","twitter_card":"summary_large_image","twitter_misc":{"Est. reading time":"16 minutes"},"schema":{"@context":"https:\/\/schema.org","@graph":[{"@type":"WebPage","@id":"https:\/\/zero-max.de\/en\/contact\/","url":"https:\/\/zero-max.de\/en\/contact\/","name":"Contact - Zero-Max","isPartOf":{"@id":"https:\/\/zero-max.de\/en\/#website"},"datePublished":"2023-05-22T10:56:01+00:00","dateModified":"2026-01-16T09:56:20+00:00","description":"On our contact page you can get in touch with Zero-Max. We are looking forward to your message!","breadcrumb":{"@id":"https:\/\/zero-max.de\/en\/contact\/#breadcrumb"},"inLanguage":"en-US","potentialAction":[{"@type":"ReadAction","target":["https:\/\/zero-max.de\/en\/contact\/"]}]},{"@type":"BreadcrumbList","@id":"https:\/\/zero-max.de\/en\/contact\/#breadcrumb","itemListElement":[{"@type":"ListItem","position":1,"name":"Startseite","item":"https:\/\/zero-max.de\/en\/"},{"@type":"ListItem","position":2,"name":"Contact"}]},{"@type":"WebSite","@id":"https:\/\/zero-max.de\/en\/#website","url":"https:\/\/zero-max.de\/en\/","name":"Zero-Max","description":"Power Transmission Products, Motion and Control","publisher":{"@id":"https:\/\/zero-max.de\/en\/#organization"},"potentialAction":[{"@type":"SearchAction","target":{"@type":"EntryPoint","urlTemplate":"https:\/\/zero-max.de\/en\/?s={search_term_string}"},"query-input":{"@type":"PropertyValueSpecification","valueRequired":true,"valueName":"search_term_string"}}],"inLanguage":"en-US"},{"@type":"Organization","@id":"https:\/\/zero-max.de\/en\/#organization","name":"Zero-Max","url":"https:\/\/zero-max.de\/en\/","logo":{"@type":"ImageObject","inLanguage":"en-US","@id":"https:\/\/zero-max.de\/en\/#\/schema\/logo\/image\/","url":"https:\/\/zero-max.de\/wp-content\/uploads\/2022\/03\/Zero-Max_Logo.svg","contentUrl":"https:\/\/zero-max.de\/wp-content\/uploads\/2022\/03\/Zero-Max_Logo.svg","width":542,"height":72,"caption":"Zero-Max"},"image":{"@id":"https:\/\/zero-max.de\/en\/#\/schema\/logo\/image\/"}}]}},"_links":{"self":[{"href":"https:\/\/zero-max.de\/en\/wp-json\/wp\/v2\/pages\/4181","targetHints":{"allow":["GET"]}}],"collection":[{"href":"https:\/\/zero-max.de\/en\/wp-json\/wp\/v2\/pages"}],"about":[{"href":"https:\/\/zero-max.de\/en\/wp-json\/wp\/v2\/types\/page"}],"author":[{"embeddable":true,"href":"https:\/\/zero-max.de\/en\/wp-json\/wp\/v2\/users\/2"}],"replies":[{"embeddable":true,"href":"https:\/\/zero-max.de\/en\/wp-json\/wp\/v2\/comments?post=4181"}],"version-history":[{"count":63,"href":"https:\/\/zero-max.de\/en\/wp-json\/wp\/v2\/pages\/4181\/revisions"}],"predecessor-version":[{"id":10138,"href":"https:\/\/zero-max.de\/en\/wp-json\/wp\/v2\/pages\/4181\/revisions\/10138"}],"wp:attachment":[{"href":"https:\/\/zero-max.de\/en\/wp-json\/wp\/v2\/media?parent=4181"}],"curies":[{"name":"wp","href":"https:\/\/api.w.org\/{rel}","templated":true}]}}